{"id":38,"date":"2024-07-20T09:46:39","date_gmt":"2024-07-20T07:46:39","guid":{"rendered":"http:\/\/anwklsd.cluster029.hosting.ovh.net\/?page_id=38"},"modified":"2024-10-13T19:50:33","modified_gmt":"2024-10-13T17:50:33","slug":"enseignement-conscient","status":"publish","type":"page","link":"https:\/\/verosanto.fr\/index.php\/enseignement-conscient\/","title":{"rendered":"Accompagnement Enseignant conscient"},"content":{"rendered":"\n<p><\/p>\n\n\n\n<p>Que de <strong>mouvements int\u00e9rieurs<\/strong> lorsque nous sommes en classe. En sommes nous conscients, \u00e0 l&rsquo;\u00e9coute ?<strong> Que peut-on en faire?<\/strong> <\/p>\n\n\n\n<p class=\"has-text-align-center\">Je suis depuis mes d\u00e9buts interpell\u00e9e par cette probl\u00e9matique, c&rsquo;est \u00e0 dire que je constate autour de moi et pour moi-m\u00eame \u00e9galement, de la souffrance enseignante (et donc personnelle car nous nous sentons d\u00e9munis) notamment dans la gestion \u00e9motionnelle face \u00e0 des \u00e9l\u00e8ves \u00ab\u00a0complexes\u00a0\u00bb et donc bien s\u00fbr \u00e0 ce qu&rsquo;ils nous renvoient de nous-m\u00eame. <strong>\u00ab&nbsp;Comment faire et quoi en faire&nbsp;\u00bb<\/strong> dans le respect de chacun!<\/p>\n\n\n\n<p class=\"has-text-align-center\"><strong>Apprendre \u00e0 utiliser ce creuset fertile pour grandir v\u00e9ritablement ensemble est la piste<\/strong> que j&rsquo;ai d\u00e9cid\u00e9 de suivre&nbsp;! <strong>Et si c&rsquo;\u00e9tait une solution pour les temps nouveaux<\/strong>, un vrai outil pour se connecter \u00e0 soi-m\u00eame pour mieux g\u00e9rer les situations difficiles et confrontantes.<\/p>\n\n\n\n<figure class=\"wp-block-image size-full\"><img loading=\"lazy\" decoding=\"async\" width=\"1280\" height=\"853\" src=\"https:\/\/verosanto.fr\/wp-content\/uploads\/2024\/07\/signal-2024-07-11-22-12-13-172.jpg\" alt=\"\" class=\"wp-image-84\" srcset=\"https:\/\/verosanto.fr\/wp-content\/uploads\/2024\/07\/signal-2024-07-11-22-12-13-172.jpg 1280w, https:\/\/verosanto.fr\/wp-content\/uploads\/2024\/07\/signal-2024-07-11-22-12-13-172-300x200.jpg 300w, https:\/\/verosanto.fr\/wp-content\/uploads\/2024\/07\/signal-2024-07-11-22-12-13-172-1024x682.jpg 1024w, https:\/\/verosanto.fr\/wp-content\/uploads\/2024\/07\/signal-2024-07-11-22-12-13-172-768x512.jpg 768w\" sizes=\"auto, (max-width: 1280px) 100vw, 1280px\" \/><\/figure>\n\n\n\n<blockquote class=\"wp-block-quote is-layout-flow wp-block-quote-is-layout-flow\">\n<p class=\"has-large-font-size\">\u00ab\u00a0<em>On ne voit bien qu&rsquo;avec le coeur, l&rsquo;essentiel est invisible pour les yeux\u00a0\u00bb<\/em><\/p>\n\n\n\n<p class=\"has-large-font-size\"><em>Antoine de St Exup\u00e9ry<\/em><\/p>\n<\/blockquote>\n\n\n\n<div class=\"wp-block-columns is-layout-flex wp-container-core-columns-is-layout-28f84493 wp-block-columns-is-layout-flex\">\n<div class=\"wp-block-column is-layout-flow wp-block-column-is-layout-flow\">\n<figure class=\"wp-block-image size-large is-resized\"><img loading=\"lazy\" decoding=\"async\" width=\"1024\" height=\"682\" src=\"https:\/\/verosanto.fr\/wp-content\/uploads\/2024\/07\/signal-2024-07-11-18-25-39-724-1024x682.jpg\" alt=\"\" class=\"wp-image-85\" style=\"width:392px;height:auto\" srcset=\"https:\/\/verosanto.fr\/wp-content\/uploads\/2024\/07\/signal-2024-07-11-18-25-39-724-1024x682.jpg 1024w, https:\/\/verosanto.fr\/wp-content\/uploads\/2024\/07\/signal-2024-07-11-18-25-39-724-300x200.jpg 300w, https:\/\/verosanto.fr\/wp-content\/uploads\/2024\/07\/signal-2024-07-11-18-25-39-724-768x511.jpg 768w, https:\/\/verosanto.fr\/wp-content\/uploads\/2024\/07\/signal-2024-07-11-18-25-39-724.jpg 1500w\" sizes=\"auto, (max-width: 1024px) 100vw, 1024px\" \/><\/figure>\n<\/div>\n\n\n\n<div class=\"wp-block-column is-layout-flow wp-block-column-is-layout-flow\">\n<p class=\"has-text-align-center\"><strong>Notre m\u00e9tier<\/strong> est souvent <strong>une passion<\/strong> forte qui nous anime. Nous mettons beaucoup d&rsquo;\u00e9nergie afin de proposer \u00e0 nos \u00e9l\u00e8ves des situations int\u00e9ressantes qui sauront les interpeller. Mais quelle \u00e9nergie ils ont \u00e9galement ! <\/p>\n\n\n\n<p class=\"has-text-align-center\"><strong>Comment y faire face dans la bienveillance, le respect de chacun?<\/strong><\/p>\n<\/div>\n<\/div>\n\n\n\n<div class=\"wp-block-columns is-layout-flex wp-container-core-columns-is-layout-28f84493 wp-block-columns-is-layout-flex\">\n<div class=\"wp-block-column is-layout-flow wp-block-column-is-layout-flow\">\n<p class=\"has-text-align-center\">Telle les berges de la rivi\u00e8re qui essaient de contenir et guider cette eau vive vers elle-m\u00eame, son chemin propre&#8230;<\/p>\n\n\n\n<p class=\"has-text-align-center\"><strong>Notre t\u00e2che est une aventure<\/strong> tant pour nous que pour nos \u00e9l\u00e8ves. Se questionner sur notre authenticit\u00e9, notre nature profonde est une base sur laquelle s&rsquo;appuyer pour transmettre cette possibilit\u00e9. <strong>Mais quelle richesse !<\/strong> C&rsquo;est l&rsquo;occasion d&rsquo;\u00eatre toujours<strong> en mouvement <\/strong>vers cette dimension de l&rsquo;\u00eatre o\u00f9 une version unique de soi peut \u00e9clore et faire \u00e9clore&#8230;<\/p>\n<\/div>\n\n\n\n<div class=\"wp-block-column is-layout-flow wp-block-column-is-layout-flow\"><div class=\"wp-block-image\">\n<figure class=\"aligncenter size-full is-resized\"><img loading=\"lazy\" decoding=\"async\" width=\"768\" height=\"1024\" src=\"https:\/\/verosanto.fr\/wp-content\/uploads\/2024\/07\/image.jpeg\" alt=\"L\u2019attribut alt de cette image est vide, son nom de fichier est signal-2024-07-11-18-16-15-151-768x1024.jpg.\" class=\"wp-image-87\" style=\"width:296px;height:auto\" srcset=\"https:\/\/verosanto.fr\/wp-content\/uploads\/2024\/07\/image.jpeg 768w, https:\/\/verosanto.fr\/wp-content\/uploads\/2024\/07\/image-225x300.jpeg 225w\" sizes=\"auto, (max-width: 768px) 100vw, 768px\" \/><\/figure>\n<\/div><\/div>\n<\/div>\n\n\n\n<div class=\"wp-block-columns is-layout-flex wp-container-core-columns-is-layout-28f84493 wp-block-columns-is-layout-flex\">\n<div class=\"wp-block-column is-layout-flow wp-block-column-is-layout-flow\">\n<figure class=\"wp-block-image size-large is-resized\"><img loading=\"lazy\" decoding=\"async\" width=\"1018\" height=\"1024\" src=\"https:\/\/verosanto.fr\/wp-content\/uploads\/2024\/07\/signal-2024-07-11-18-38-22-909-2-1018x1024.jpg\" alt=\"\" class=\"wp-image-88\" style=\"width:392px;height:auto\" srcset=\"https:\/\/verosanto.fr\/wp-content\/uploads\/2024\/07\/signal-2024-07-11-18-38-22-909-2-1018x1024.jpg 1018w, https:\/\/verosanto.fr\/wp-content\/uploads\/2024\/07\/signal-2024-07-11-18-38-22-909-2-298x300.jpg 298w, https:\/\/verosanto.fr\/wp-content\/uploads\/2024\/07\/signal-2024-07-11-18-38-22-909-2-150x150.jpg 150w, https:\/\/verosanto.fr\/wp-content\/uploads\/2024\/07\/signal-2024-07-11-18-38-22-909-2-768x772.jpg 768w, https:\/\/verosanto.fr\/wp-content\/uploads\/2024\/07\/signal-2024-07-11-18-38-22-909-2.jpg 1451w\" sizes=\"auto, (max-width: 1018px) 100vw, 1018px\" \/><\/figure>\n<\/div>\n\n\n\n<div class=\"wp-block-column is-layout-flow wp-block-column-is-layout-flow\">\n<p class=\"has-text-align-center\"><strong>Ouvrir notre coeur<\/strong> <strong>en confiance<\/strong>, s&rsquo;ouvrir \u00e0 l&rsquo;autre sans peur, dans toute notre capacit\u00e9 \u00e0 le recevoir tel qu&rsquo;il est car nous avons <strong>travaill\u00e9 sur nos propres failles<\/strong>. Celle-l\u00e0 m\u00eame qui font ce que nous sommes aujourd&rsquo;hui.<\/p>\n\n\n\n<p class=\"has-text-align-center\"> L&rsquo;accompagnement que je propose permet de travailler sur <strong>ce qui nous fonde<\/strong>, pour pouvoir permettre \u00e0 nos \u00e9l\u00e8ves d&rsquo;\u00eatre en capacit\u00e9 de se connecter \u00e0 leur part intacte. Ce questionnement int\u00e9rieur permet d&rsquo;\u00eatre une base solide et bienveillante pour nos \u00e9l\u00e8ves.<\/p>\n<\/div>\n<\/div>\n\n\n\n<p class=\"has-text-align-left has-large-font-size\"><\/p>\n\n\n\n<p class=\"has-text-align-center\">Je propose des accompagnements \u00e0 distance ou en pr\u00e9sence, des s\u00e9ances d&rsquo;environ 1 heure chacune, une fois par semaine ou tous les 15 jours selon le ressenti, en moyenne sur 4 s\u00e9ances pour permettre une progression. <\/p>\n\n\n\n<p class=\"has-text-align-center\">La s\u00e9ance se d\u00e9roule dans un \u00e9tat d&rsquo;\u00e9coute profonde \u00e0 ce qui est pr\u00e9sent dans l&rsquo;instant \u00e0 travers les ressentis corporels qui vont nous guider vers une prise de conscience de nos sh\u00e9mas, de ce qui peut bloquer en nous.<\/p>\n\n\n\n<p>Tarif: 50 euros la s\u00e9ance, forfait 4 s\u00e9ances 180 euros<\/p>\n\n\n\n<figure class=\"wp-block-image size-large\"><img loading=\"lazy\" decoding=\"async\" width=\"1024\" height=\"768\" src=\"https:\/\/verosanto.fr\/wp-content\/uploads\/2024\/07\/signal-2024-07-11-18-41-30-396-1-1024x768.jpg\" alt=\"\" class=\"wp-image-123\" srcset=\"https:\/\/verosanto.fr\/wp-content\/uploads\/2024\/07\/signal-2024-07-11-18-41-30-396-1-1024x768.jpg 1024w, https:\/\/verosanto.fr\/wp-content\/uploads\/2024\/07\/signal-2024-07-11-18-41-30-396-1-300x225.jpg 300w, https:\/\/verosanto.fr\/wp-content\/uploads\/2024\/07\/signal-2024-07-11-18-41-30-396-1-768x576.jpg 768w, https:\/\/verosanto.fr\/wp-content\/uploads\/2024\/07\/signal-2024-07-11-18-41-30-396-1-1536x1152.jpg 1536w, https:\/\/verosanto.fr\/wp-content\/uploads\/2024\/07\/signal-2024-07-11-18-41-30-396-1-1568x1176.jpg 1568w, https:\/\/verosanto.fr\/wp-content\/uploads\/2024\/07\/signal-2024-07-11-18-41-30-396-1.jpg 2048w\" sizes=\"auto, (max-width: 1024px) 100vw, 1024px\" \/><\/figure>\n\n\n\n<p><\/p>\n","protected":false},"excerpt":{"rendered":"<p>Que de mouvements int\u00e9rieurs lorsque nous sommes en classe. En sommes nous conscients, \u00e0 l&rsquo;\u00e9coute ? Que peut-on en faire? Je suis depuis mes d\u00e9buts interpell\u00e9e par cette probl\u00e9matique, c&rsquo;est \u00e0 dire que je constate autour de moi et pour moi-m\u00eame \u00e9galement, de la souffrance enseignante (et donc personnelle car nous nous sentons d\u00e9munis) notamment<a class=\"more-link\" href=\"https:\/\/verosanto.fr\/index.php\/enseignement-conscient\/\">Lire la suite <span class=\"screen-reader-text\">\u00ab\u00a0Accompagnement Enseignant conscient\u00a0\u00bb<\/span><\/a><\/p>\n","protected":false},"author":1,"featured_media":0,"parent":0,"menu_order":0,"comment_status":"closed","ping_status":"closed","template":"","meta":{"footnotes":""},"class_list":["post-38","page","type-page","status-publish","hentry","entry"],"_links":{"self":[{"href":"https:\/\/verosanto.fr\/index.php\/wp-json\/wp\/v2\/pages\/38","targetHints":{"allow":["GET"]}}],"collection":[{"href":"https:\/\/verosanto.fr\/index.php\/wp-json\/wp\/v2\/pages"}],"about":[{"href":"https:\/\/verosanto.fr\/index.php\/wp-json\/wp\/v2\/types\/page"}],"author":[{"embeddable":true,"href":"https:\/\/verosanto.fr\/index.php\/wp-json\/wp\/v2\/users\/1"}],"replies":[{"embeddable":true,"href":"https:\/\/verosanto.fr\/index.php\/wp-json\/wp\/v2\/comments?post=38"}],"version-history":[{"count":10,"href":"https:\/\/verosanto.fr\/index.php\/wp-json\/wp\/v2\/pages\/38\/revisions"}],"predecessor-version":[{"id":152,"href":"https:\/\/verosanto.fr\/index.php\/wp-json\/wp\/v2\/pages\/38\/revisions\/152"}],"wp:attachment":[{"href":"https:\/\/verosanto.fr\/index.php\/wp-json\/wp\/v2\/media?parent=38"}],"curies":[{"name":"wp","href":"https:\/\/api.w.org\/{rel}","templated":true}]}}