{"id":8,"date":"2024-07-17T09:57:47","date_gmt":"2024-07-17T07:57:47","guid":{"rendered":"http:\/\/anwklsd.cluster029.hosting.ovh.net\/?page_id=8"},"modified":"2024-10-13T19:53:33","modified_gmt":"2024-10-13T17:53:33","slug":"accueil","status":"publish","type":"page","link":"https:\/\/verosanto.fr\/","title":{"rendered":""},"content":{"rendered":"\n<figure class=\"wp-block-image size-large\"><img loading=\"lazy\" decoding=\"async\" width=\"1024\" height=\"292\" src=\"http:\/\/anwklsd.cluster029.hosting.ovh.net\/wp-content\/uploads\/2024\/07\/signal-2024-07-11-18-10-44-502-2-1024x292.jpg\" alt=\"\" class=\"wp-image-11\" srcset=\"https:\/\/verosanto.fr\/wp-content\/uploads\/2024\/07\/signal-2024-07-11-18-10-44-502-2-1024x292.jpg 1024w, https:\/\/verosanto.fr\/wp-content\/uploads\/2024\/07\/signal-2024-07-11-18-10-44-502-2-300x86.jpg 300w, https:\/\/verosanto.fr\/wp-content\/uploads\/2024\/07\/signal-2024-07-11-18-10-44-502-2-768x219.jpg 768w, https:\/\/verosanto.fr\/wp-content\/uploads\/2024\/07\/signal-2024-07-11-18-10-44-502-2.jpg 1069w\" sizes=\"auto, (max-width: 1024px) 100vw, 1024px\" \/><\/figure>\n\n\n\n<h2 class=\"wp-block-heading has-text-align-center\">Accompagnement <br>Enseignant conscient<br>et Parentalit\u00e9 consciente<\/h2>\n\n\n\n<p class=\"has-text-align-center\">Bienvenue sur mon site. Je vais vous parler de vision int\u00e9rieure<br>et de son importance dans notre vie.<\/p>\n\n\n\n<figure class=\"wp-block-image size-large\"><img loading=\"lazy\" decoding=\"async\" width=\"1024\" height=\"455\" src=\"http:\/\/anwklsd.cluster029.hosting.ovh.net\/wp-content\/uploads\/2024\/07\/5811-1024x455.jpg\" alt=\"\" class=\"wp-image-25\" srcset=\"https:\/\/verosanto.fr\/wp-content\/uploads\/2024\/07\/5811-1024x455.jpg 1024w, https:\/\/verosanto.fr\/wp-content\/uploads\/2024\/07\/5811-300x133.jpg 300w, https:\/\/verosanto.fr\/wp-content\/uploads\/2024\/07\/5811-768x341.jpg 768w, https:\/\/verosanto.fr\/wp-content\/uploads\/2024\/07\/5811-1536x683.jpg 1536w, https:\/\/verosanto.fr\/wp-content\/uploads\/2024\/07\/5811-2048x910.jpg 2048w, https:\/\/verosanto.fr\/wp-content\/uploads\/2024\/07\/5811-1568x697.jpg 1568w\" sizes=\"auto, (max-width: 1024px) 100vw, 1024px\" \/><\/figure>\n\n\n\n<h2 class=\"wp-block-heading has-text-align-center\">Les ateliers<\/h2>\n\n\n\n<div class=\"wp-block-columns is-layout-flex wp-container-core-columns-is-layout-28f84493 wp-block-columns-is-layout-flex\">\n<div class=\"wp-block-column is-layout-flow wp-block-column-is-layout-flow\">\n<figure class=\"wp-block-image size-full is-resized\"><a href=\"https:\/\/verosanto.fr\/index.php\/enseignement-conscient\/\"><img loading=\"lazy\" decoding=\"async\" width=\"444\" height=\"409\" src=\"https:\/\/verosanto.fr\/wp-content\/uploads\/2024\/07\/enseignants-cooperation.png\" alt=\"\" class=\"wp-image-64\" style=\"width:244px;height:auto\" srcset=\"https:\/\/verosanto.fr\/wp-content\/uploads\/2024\/07\/enseignants-cooperation.png 444w, https:\/\/verosanto.fr\/wp-content\/uploads\/2024\/07\/enseignants-cooperation-300x276.png 300w\" sizes=\"auto, (max-width: 444px) 100vw, 444px\" \/><\/a><\/figure>\n\n\n\n<p class=\"has-text-align-center has-large-font-size\"><strong><a href=\"https:\/\/verosanto.fr\/index.php\/enseignement-conscient\/\">Enseignant conscient<\/a><\/strong><\/p>\n<\/div>\n\n\n\n<div class=\"wp-block-column is-layout-flow wp-block-column-is-layout-flow\">\n<figure class=\"wp-block-image size-full\"><a href=\"https:\/\/verosanto.fr\/index.php\/accompagnement-en-parentalite-consciente\/\"><img loading=\"lazy\" decoding=\"async\" width=\"879\" height=\"866\" src=\"http:\/\/anwklsd.cluster029.hosting.ovh.net\/wp-content\/uploads\/2024\/07\/thumbnail.jpg\" alt=\"\" class=\"wp-image-19\" srcset=\"https:\/\/verosanto.fr\/wp-content\/uploads\/2024\/07\/thumbnail.jpg 879w, https:\/\/verosanto.fr\/wp-content\/uploads\/2024\/07\/thumbnail-300x296.jpg 300w, https:\/\/verosanto.fr\/wp-content\/uploads\/2024\/07\/thumbnail-768x757.jpg 768w\" sizes=\"auto, (max-width: 879px) 100vw, 879px\" \/><\/a><\/figure>\n\n\n\n<p class=\"has-text-align-center has-large-font-size\"><strong><a href=\"https:\/\/verosanto.fr\/index.php\/accompagnement-en-parentalite-consciente\/\">Parentalit\u00e9 consciente<\/a><\/strong><\/p>\n<\/div>\n\n\n\n<div class=\"wp-block-column is-layout-flow wp-block-column-is-layout-flow\">\n<figure class=\"wp-block-image size-large\"><a href=\"https:\/\/verosanto.fr\/index.php\/ateliers-a-visee-philosophique\/\"><img loading=\"lazy\" decoding=\"async\" width=\"1024\" height=\"1012\" src=\"http:\/\/anwklsd.cluster029.hosting.ovh.net\/wp-content\/uploads\/2024\/07\/3344-1024x1012.jpg\" alt=\"\" class=\"wp-image-22\" srcset=\"https:\/\/verosanto.fr\/wp-content\/uploads\/2024\/07\/3344-1024x1012.jpg 1024w, https:\/\/verosanto.fr\/wp-content\/uploads\/2024\/07\/3344-300x297.jpg 300w, https:\/\/verosanto.fr\/wp-content\/uploads\/2024\/07\/3344-768x759.jpg 768w, https:\/\/verosanto.fr\/wp-content\/uploads\/2024\/07\/3344-1536x1518.jpg 1536w, https:\/\/verosanto.fr\/wp-content\/uploads\/2024\/07\/3344-2048x2025.jpg 2048w, https:\/\/verosanto.fr\/wp-content\/uploads\/2024\/07\/3344-1568x1550.jpg 1568w\" sizes=\"auto, (max-width: 1024px) 100vw, 1024px\" \/><\/a><\/figure>\n\n\n\n<p class=\"has-text-align-center has-large-font-size\"><strong><a href=\"https:\/\/verosanto.fr\/index.php\/ateliers-a-visee-philosophique\/\">Ateliers philo<\/a><\/strong><\/p>\n\n\n\n<p><\/p>\n<\/div>\n<\/div>\n\n\n\n<div class=\"wp-block-cover is-light\"><span aria-hidden=\"true\" class=\"wp-block-cover__background has-background-dim\" style=\"background-color:#a69c9d\"><\/span><img loading=\"lazy\" decoding=\"async\" width=\"1478\" height=\"1824\" class=\"wp-block-cover__image-background wp-image-26\" alt=\"\" src=\"http:\/\/anwklsd.cluster029.hosting.ovh.net\/wp-content\/uploads\/2024\/07\/signal-2024-07-11-18-36-52-083.jpg\" data-object-fit=\"cover\" srcset=\"https:\/\/verosanto.fr\/wp-content\/uploads\/2024\/07\/signal-2024-07-11-18-36-52-083.jpg 1478w, https:\/\/verosanto.fr\/wp-content\/uploads\/2024\/07\/signal-2024-07-11-18-36-52-083-243x300.jpg 243w, https:\/\/verosanto.fr\/wp-content\/uploads\/2024\/07\/signal-2024-07-11-18-36-52-083-830x1024.jpg 830w, https:\/\/verosanto.fr\/wp-content\/uploads\/2024\/07\/signal-2024-07-11-18-36-52-083-768x948.jpg 768w, https:\/\/verosanto.fr\/wp-content\/uploads\/2024\/07\/signal-2024-07-11-18-36-52-083-1245x1536.jpg 1245w\" sizes=\"auto, (max-width: 1478px) 100vw, 1478px\" \/><div class=\"wp-block-cover__inner-container is-layout-constrained wp-block-cover-is-layout-constrained\">\n<h2 class=\"wp-block-heading has-text-align-center\"><a href=\"https:\/\/verosanto.fr\/index.php\/qui-suis-je\/\" data-type=\"page\" data-id=\"52\">Qui suis-je ?<\/a><\/h2>\n\n\n\n<div class=\"wp-block-columns is-layout-flex wp-container-core-columns-is-layout-28f84493 wp-block-columns-is-layout-flex\">\n<div class=\"wp-block-column is-layout-flow wp-block-column-is-layout-flow\" style=\"flex-basis:100%\">\n<div class=\"wp-block-columns is-layout-flex wp-container-core-columns-is-layout-28f84493 wp-block-columns-is-layout-flex\">\n<div class=\"wp-block-column is-layout-flow wp-block-column-is-layout-flow\" style=\"flex-basis:100%\">\n<p class=\"has-text-align-center has-large-font-size\"><img loading=\"lazy\" decoding=\"async\" width=\"400\" height=\"300\" class=\"wp-image-27\" style=\"width: 400px;\" src=\"http:\/\/anwklsd.cluster029.hosting.ovh.net\/wp-content\/uploads\/2024\/07\/signal-2024-07-11-18-17-39-110.jpg\" alt=\"\" srcset=\"https:\/\/verosanto.fr\/wp-content\/uploads\/2024\/07\/signal-2024-07-11-18-17-39-110.jpg 1280w, https:\/\/verosanto.fr\/wp-content\/uploads\/2024\/07\/signal-2024-07-11-18-17-39-110-300x225.jpg 300w, https:\/\/verosanto.fr\/wp-content\/uploads\/2024\/07\/signal-2024-07-11-18-17-39-110-1024x768.jpg 1024w, https:\/\/verosanto.fr\/wp-content\/uploads\/2024\/07\/signal-2024-07-11-18-17-39-110-768x576.jpg 768w\" sizes=\"auto, (max-width: 400px) 100vw, 400px\" \/><\/p>\n<\/div>\n<\/div>\n<\/div>\n<\/div>\n\n\n\n<p class=\"has-text-align-center\"><mark style=\"background-color:rgba(0, 0, 0, 0)\" class=\"has-inline-color has-background-color\">Aller au coeur de l&rsquo;humain car l\u00e0 se trouve le secret, la magie.<\/mark><\/p>\n\n\n\n<p><mark style=\"background-color:rgba(0, 0, 0, 0)\" class=\"has-inline-color has-background-color\">J&rsquo;ai commenc\u00e9 mon cheminement aupr\u00e8s des enfants (je suis professeur des \u00e9coles depuis 30 ans) mais \u00e9galement aupr\u00e8s des parents et des enseignants qui sont en charge de leur \u00e9ducation. J&rsquo;ai beaucoup appris aupr\u00e8s d&rsquo;eux et aujourd&rsquo;hui toutes ses exp\u00e9riences m&rsquo;ont conduit vers l&rsquo;accompagnement, guid\u00e9e vers cet espace int\u00e9rieur o\u00f9 se trouve la paix profonde de pouvoir \u00e9couter ce qui nous fait grandir, ensemble, \u00e0 travers ce miroir que nous tend l&rsquo;autre, pour mieux se trouver soi.<\/mark><a href=\"https:\/\/verosanto.fr\/index.php\/qui-suis-je\/\">https:\/\/verosanto.fr\/index.php\/qui-suis-je\/<\/a><\/p>\n<\/div><\/div>\n\n\n\n<div class=\"wp-block-columns is-layout-flex wp-container-core-columns-is-layout-28f84493 wp-block-columns-is-layout-flex\">\n<div class=\"wp-block-column is-layout-flow wp-block-column-is-layout-flow\">\n<figure class=\"wp-block-image size-large is-style-rounded\"><a href=\"https:\/\/verosanto.fr\/index.php\/qui-suis-je\/\"><img loading=\"lazy\" decoding=\"async\" width=\"1007\" height=\"1024\" src=\"http:\/\/anwklsd.cluster029.hosting.ovh.net\/wp-content\/uploads\/2024\/07\/signal-2024-07-11-22-07-56-997-1007x1024.jpg\" alt=\"\" class=\"wp-image-32\" srcset=\"https:\/\/verosanto.fr\/wp-content\/uploads\/2024\/07\/signal-2024-07-11-22-07-56-997-1007x1024.jpg 1007w, https:\/\/verosanto.fr\/wp-content\/uploads\/2024\/07\/signal-2024-07-11-22-07-56-997-295x300.jpg 295w, https:\/\/verosanto.fr\/wp-content\/uploads\/2024\/07\/signal-2024-07-11-22-07-56-997-768x781.jpg 768w, https:\/\/verosanto.fr\/wp-content\/uploads\/2024\/07\/signal-2024-07-11-22-07-56-997.jpg 1053w\" sizes=\"auto, (max-width: 1007px) 100vw, 1007px\" \/><\/a><\/figure>\n<\/div>\n\n\n\n<div class=\"wp-block-column is-vertically-aligned-center is-layout-flow wp-block-column-is-layout-flow\">\n<p><mark style=\"background-color:rgba(0, 0, 0, 0)\" class=\"has-inline-color has-foreground-color\">Me contacter : vero.santo4@protonmail.com<\/mark><\/p>\n<\/div>\n<\/div>\n","protected":false},"excerpt":{"rendered":"<p>Accompagnement Enseignant conscientet Parentalit\u00e9 consciente Bienvenue sur mon site. Je vais vous parler de vision int\u00e9rieureet de son importance dans notre vie. Les ateliers Enseignant conscient Parentalit\u00e9 consciente Ateliers philo Me contacter : vero.santo4@protonmail.com<\/p>\n","protected":false},"author":1,"featured_media":0,"parent":0,"menu_order":0,"comment_status":"closed","ping_status":"closed","template":"","meta":{"footnotes":""},"class_list":["post-8","page","type-page","status-publish","hentry","entry"],"_links":{"self":[{"href":"https:\/\/verosanto.fr\/index.php\/wp-json\/wp\/v2\/pages\/8","targetHints":{"allow":["GET"]}}],"collection":[{"href":"https:\/\/verosanto.fr\/index.php\/wp-json\/wp\/v2\/pages"}],"about":[{"href":"https:\/\/verosanto.fr\/index.php\/wp-json\/wp\/v2\/types\/page"}],"author":[{"embeddable":true,"href":"https:\/\/verosanto.fr\/index.php\/wp-json\/wp\/v2\/users\/1"}],"replies":[{"embeddable":true,"href":"https:\/\/verosanto.fr\/index.php\/wp-json\/wp\/v2\/comments?post=8"}],"version-history":[{"count":32,"href":"https:\/\/verosanto.fr\/index.php\/wp-json\/wp\/v2\/pages\/8\/revisions"}],"predecessor-version":[{"id":154,"href":"https:\/\/verosanto.fr\/index.php\/wp-json\/wp\/v2\/pages\/8\/revisions\/154"}],"wp:attachment":[{"href":"https:\/\/verosanto.fr\/index.php\/wp-json\/wp\/v2\/media?parent=8"}],"curies":[{"name":"wp","href":"https:\/\/api.w.org\/{rel}","templated":true}]}}